{"id":1518,"date":"2018-01-31T20:07:57","date_gmt":"2018-01-31T20:07:57","guid":{"rendered":"http:\/\/cargolink.es\/?page_id=1518"},"modified":"2025-03-17T11:21:07","modified_gmt":"2025-03-17T11:21:07","slug":"contact-us","status":"publish","type":"page","link":"https:\/\/cargolink.es\/en\/contact-us\/","title":{"rendered":"CONTACT US"},"content":{"rendered":"<p>[vc_row css_animation=&#8221;&#8221; row_type=&#8221;row&#8221; use_row_as_full_screen_section=&#8221;no&#8221; type=&#8221;full_width&#8221; angled_section=&#8221;no&#8221; text_align=&#8221;left&#8221; background_image_as_pattern=&#8221;without_pattern&#8221; padding_top=&#8221;30&#8243; padding_bottom=&#8221;30&#8243; css=&#8221;.vc_custom_1509702829580{background-color: #f0f2f4 !important;}&#8221;][vc_column][vc_column_text]<\/p>\n<h2 style=\"text-align: center;\"><span style=\"color: #3e3e3e;\">CONTACT US<\/span><\/h2>\n<p>[\/vc_column_text][\/vc_column][\/vc_row][vc_row css_animation=&#8221;&#8221; row_type=&#8221;row&#8221; use_row_as_full_screen_section=&#8221;no&#8221; type=&#8221;grid&#8221; angled_section=&#8221;no&#8221; text_align=&#8221;center&#8221; background_image_as_pattern=&#8221;without_pattern&#8221; padding_top=&#8221;40&#8243; css=&#8221;.vc_custom_1509703119709{background-color: #ffffff !important;}&#8221;][vc_column][vc_column_text]<\/p>\n<h3 style=\"text-align: center;\">Cargolink provides tailor-made transport solutions<\/h3>\n<p>[\/vc_column_text][vc_separator type=&#8221;transparent&#8221; up=&#8221;15&#8243; down=&#8221;15&#8243;][vc_column_text]<\/p>\n<h4 style=\"text-align: center;\">For further information regarding services or quotation, please contact us in the following email:<\/h4>\n<h4 style=\"text-align: center;\"><a href=\"mailto:presupuestos@cargolink.es\">presupuestos@cargolink.es<\/a><\/h4>\n<p>[\/vc_column_text][\/vc_column][\/vc_row][vc_row css_animation=&#8221;&#8221; row_type=&#8221;row&#8221; use_row_as_full_screen_section=&#8221;no&#8221; type=&#8221;grid&#8221; angled_section=&#8221;no&#8221; text_align=&#8221;center&#8221; background_image_as_pattern=&#8221;without_pattern&#8221; padding_top=&#8221;40&#8243; padding_bottom=&#8221;50&#8243;][vc_column width=&#8221;1\/6&#8243;][\/vc_column][vc_column width=&#8221;4\/6&#8243;][\/vc_column][vc_column width=&#8221;1\/6&#8243;][\/vc_column][\/vc_row][vc_row css_animation=&#8221;&#8221; row_type=&#8221;row&#8221; use_row_as_full_screen_section=&#8221;no&#8221; type=&#8221;full_width&#8221; angled_section=&#8221;no&#8221; text_align=&#8221;left&#8221; background_image_as_pattern=&#8221;without_pattern&#8221; padding_top=&#8221;30&#8243; padding_bottom=&#8221;30&#8243; css=&#8221;.vc_custom_1509651507898{background-color: #f0f2f4 !important;}&#8221;][vc_column width=&#8221;1\/6&#8243;][\/vc_column][vc_column width=&#8221;4\/6&#8243;]<div class='service_table_holder'><ul class='service_table_inner'><li class='service_table_title_holder background_color_type' style='background-color: #f0f2f4;'><div class='service_table_title_inner'><div class='service_table_title_inner2'><h3 class='service_title' style=''>COMMERCIAL DEPARTMENT<\/h3><i class='fa fa-file-text-o fa-3x' style='color: #499df5 !important;'><\/i><\/div><\/div><\/li><li class='service_table_content' style='background-color: #f0f2f4;'><\/p>\n<ul>\n<li style=\"text-align: center;\">ITALY<br \/>\n<a href=\"mailto:sandra@cargolink.es\">sandra@cargolink.es<\/a><\/li>\n<li style=\"text-align: center;\">GERMANY<br \/>\n<a class=\"m_-5711990916066826955m_-6085580134989722286moz-txt-link-abbreviated\" href=\"mailto:inge@cargolink.es\" target=\"_blank\" rel=\"noopener\">inge@cargolink.es<\/a><\/li>\n<li style=\"text-align: center;\">SPAIN AND OTHERS<br \/>\n<a href=\"mailto:rosa@cargolink.es\">rosa@cargolink.es<\/a><\/li>\n<\/ul>\n<p><\/li><\/ul><\/div>[\/vc_column][vc_column width=&#8221;1\/6&#8243;][\/vc_column][\/vc_row][vc_row css_animation=&#8221;&#8221; row_type=&#8221;row&#8221; use_row_as_full_screen_section=&#8221;no&#8221; type=&#8221;grid&#8221; angled_section=&#8221;no&#8221; text_align=&#8221;left&#8221; background_image_as_pattern=&#8221;without_pattern&#8221; padding_top=&#8221;30&#8243; padding_bottom=&#8221;30&#8243;][vc_column width=&#8221;1\/6&#8243;][\/vc_column][vc_column width=&#8221;4\/6&#8243;]<div class='service_table_holder'><ul class='service_table_inner'><li class='service_table_title_holder background_color_type' style=''><div class='service_table_title_inner'><div class='service_table_title_inner2'><h3 class='service_title' style=''>ADMINISTRATION DEPARTMENT<\/h3><i class='fa fa-briefcase fa-3x' style='color: #499df5 !important;'><\/i><\/div><\/div><\/li><li class='service_table_content' style=''><\/p>\n<ul>\n<li style=\"text-align: center;\">ADMINISTRATION<br \/>\n<a href=\"mailto:administracion@cargolink.es\">administracion@cargolink.es<\/a><\/li>\n<li style=\"text-align: center;\">BILLING \/ CHARGES \/ PAYMENTS \/ ACCOUNTING<br \/>\n<a href=\"mailto:contabilidad@cargolink.es\">contabilidad@cargolink.es<\/a><\/li>\n<li style=\"text-align: center;\">COMPUTERS \/ QUALITY<br \/>\n<a href=\"mailto:informatica@cargolink.es\">informatica@cargolink.es<\/a><\/li>\n<\/ul>\n<p><\/li><\/ul><\/div>[\/vc_column][vc_column width=&#8221;1\/6&#8243;][\/vc_column][\/vc_row][vc_row css_animation=&#8221;&#8221; row_type=&#8221;row&#8221; use_row_as_full_screen_section=&#8221;no&#8221; type=&#8221;full_width&#8221; angled_section=&#8221;no&#8221; text_align=&#8221;left&#8221; background_image_as_pattern=&#8221;without_pattern&#8221; padding_top=&#8221;30&#8243; padding_bottom=&#8221;30&#8243; css=&#8221;.vc_custom_1509651526872{background-color: #f0f2f4 !important;}&#8221;][vc_column width=&#8221;1\/6&#8243;][\/vc_column][vc_column width=&#8221;4\/6&#8243;]<div class='service_table_holder'><ul class='service_table_inner'><li class='service_table_title_holder background_color_type' style='background-color: #f0f2f4;'><div class='service_table_title_inner'><div class='service_table_title_inner2'><h3 class='service_title' style=''>TRAFFIC DEPARTMENT<\/h3><i class='fa fa-truck fa-3x' style='color: #499df5 !important;'><\/i><\/div><\/div><\/li><li class='service_table_content' style='background-color: #f0f2f4;'><\/p>\n<ul>\n<li style=\"text-align: center;\">ITALIY \/ SLOVENIA<br \/>\n<a href=\"mailto:pilar.lopez@cargolink.es\">pilar.lopez@cargolink.es<\/a><\/li>\n<li style=\"text-align: center;\">GERMANY \/ AUSTRIA \/ SPAIN \/ NETHERLANDS<br \/>\n<a href=\"mailto:julian@cargolink.es\">julian@cargolink.es<\/a><\/li>\n<li style=\"text-align: center;\">SWITZERLAND \/ GREAT BRITAIN \/ SPECIAL TRANSPORTS<br \/>\n<a href=\"mailto:filo@cargolink.es\">filo@cargolink.es<\/a><\/li>\n<li style=\"text-align: center;\">POLAND \/ RUSSIA<br \/>\n<a href=\"mailto:jacek.wojcik@cargolink.es\">jacek.wojcik@cargolink.es<\/a><\/li>\n<li style=\"text-align: center;\">REP. CZECH \/ SLOVAKIA<br \/>\n<a href=\"mailto:iveta@cargolink.es\">iveta@cargolink.es<\/a><\/li>\n<li style=\"text-align: center;\">TRANSPORTERS<br \/>\n<a href=\"mailto:lubos@cargolink.es\">lubos@cargolink.es<\/a><\/li>\n<\/ul>\n<p><\/li><\/ul><\/div>[\/vc_column][vc_column width=&#8221;1\/6&#8243;][\/vc_column][\/vc_row][vc_row css_animation=&#8221;&#8221; row_type=&#8221;row&#8221; use_row_as_full_screen_section=&#8221;no&#8221; type=&#8221;grid&#8221; angled_section=&#8221;no&#8221; text_align=&#8221;center&#8221; background_image_as_pattern=&#8221;without_pattern&#8221; padding_top=&#8221;50&#8243; padding_bottom=&#8221;40&#8243;][vc_column][vc_column_text]<\/p>\n<h3 style=\"text-align: center;\">WHERE ARE WE<\/h3>\n<p>[\/vc_column_text][vc_separator type=&#8221;transparent&#8221; up=&#8221;10&#8243; down=&#8221;10&#8243;][vc_column_text]<\/p>\n<p style=\"text-align: center;\">Rambla M\u00e9ndez N\u00fa\u00f1ez, 38, 1\u00ba<br \/>\n03002 Alicante<\/p>\n<p style=\"text-align: center;\">Phone: +34 965 144 500<br \/>\nFax:\u00a0+34 965 144 550<\/p>\n<p>[\/vc_column_text][\/vc_column][\/vc_row][vc_row css_animation=&#8221;&#8221; row_type=&#8221;row&#8221; use_row_as_full_screen_section=&#8221;no&#8221; type=&#8221;full_width&#8221; angled_section=&#8221;no&#8221; text_align=&#8221;left&#8221; background_image_as_pattern=&#8221;without_pattern&#8221;][vc_column][vc_gmaps link=&#8221;#E-8_JTNDaWZyYW1lJTIwc3JjJTNEJTIyaHR0cHMlM0ElMkYlMkZ3d3cuZ29vZ2xlLmNvbSUyRm1hcHMlMkZlbWJlZCUzRnBiJTNEJTIxMW0xNCUyMTFtOCUyMTFtMyUyMTFkMTI1MTYuNTYwMTg3NzkzMjU5JTIxMmQtMC40ODM3MjclMjEzZDM4LjM0NTc0MDUlMjEzbTIlMjExaTEwMjQlMjEyaTc2OCUyMTRmMTMuMSUyMTNtMyUyMTFtMiUyMTFzMHgwJTI1M0EweDgyNDQ3ZGZjOGE3Yzc5MWUlMjEyc0NhcmdvbGluayUyQlMuQS4lMjE1ZTAlMjEzbTIlMjExc2VzJTIxMnNlcyUyMTR2MTUwOTYyMDAxMjI4NSUyMiUyMHdpZHRoJTNEJTIyNjAwJTIyJTIwaGVpZ2h0JTNEJTIyNDUwJTIyJTIwZnJhbWVib3JkZXIlM0QlMjIwJTIyJTIwc3R5bGUlM0QlMjJib3JkZXIlM0EwJTIyJTIwYWxsb3dmdWxsc2NyZWVuJTNFJTNDJTJGaWZyYW1lJTNF&#8221;][\/vc_column][\/vc_row]<\/p>\n","protected":false},"excerpt":{"rendered":"<p>[vc_row css_animation=&#8221;&#8221; row_type=&#8221;row&#8221; use_row_as_full_screen_section=&#8221;no&#8221; type=&#8221;full_width&#8221; angled_section=&#8221;no&#8221; text_align=&#8221;left&#8221; background_image_as_pattern=&#8221;without_pattern&#8221; padding_top=&#8221;30&#8243; padding_bottom=&#8221;30&#8243; css=&#8221;.vc_custom_1509702829580{background-color: #f0f2f4 !important;}&#8221;][vc_column][vc_column_text] CONTACT US [\/vc_column_text][\/vc_column][\/vc_row][vc_row css_animation=&#8221;&#8221; row_type=&#8221;row&#8221; use_row_as_full_screen_section=&#8221;no&#8221; type=&#8221;grid&#8221; angled_section=&#8221;no&#8221; text_align=&#8221;center&#8221; background_image_as_pattern=&#8221;without_pattern&#8221; padding_top=&#8221;40&#8243; css=&#8221;.vc_custom_1509703119709{background-color: #ffffff !important;}&#8221;][vc_column][vc_column_text] Cargolink provides tailor-made transport solutions [\/vc_column_text][vc_separator type=&#8221;transparent&#8221; up=&#8221;15&#8243; down=&#8221;15&#8243;][vc_column_text] For further information regarding services or quotation, please contact&#8230;<\/p>\n","protected":false},"author":1,"featured_media":0,"parent":0,"menu_order":0,"comment_status":"closed","ping_status":"closed","template":"full_width.php","meta":{"footnotes":""},"class_list":["post-1518","page","type-page","status-publish","hentry"],"_links":{"self":[{"href":"https:\/\/cargolink.es\/en\/wp-json\/wp\/v2\/pages\/1518","targetHints":{"allow":["GET"]}}],"collection":[{"href":"https:\/\/cargolink.es\/en\/wp-json\/wp\/v2\/pages"}],"about":[{"href":"https:\/\/cargolink.es\/en\/wp-json\/wp\/v2\/types\/page"}],"author":[{"embeddable":true,"href":"https:\/\/cargolink.es\/en\/wp-json\/wp\/v2\/users\/1"}],"replies":[{"embeddable":true,"href":"https:\/\/cargolink.es\/en\/wp-json\/wp\/v2\/comments?post=1518"}],"version-history":[{"count":8,"href":"https:\/\/cargolink.es\/en\/wp-json\/wp\/v2\/pages\/1518\/revisions"}],"predecessor-version":[{"id":1849,"href":"https:\/\/cargolink.es\/en\/wp-json\/wp\/v2\/pages\/1518\/revisions\/1849"}],"wp:attachment":[{"href":"https:\/\/cargolink.es\/en\/wp-json\/wp\/v2\/media?parent=1518"}],"curies":[{"name":"wp","href":"https:\/\/api.w.org\/{rel}","templated":true}]}}