{"id":1632,"date":"2018-02-01T19:19:45","date_gmt":"2018-02-01T19:19:45","guid":{"rendered":"http:\/\/cargolink.es\/?page_id=1632"},"modified":"2018-03-07T20:06:36","modified_gmt":"2018-03-07T20:06:36","slug":"news","status":"publish","type":"page","link":"https:\/\/cargolink.es\/en\/news\/","title":{"rendered":"NEWS"},"content":{"rendered":"<p>[vc_row css_animation=&#8221;&#8221; row_type=&#8221;row&#8221; use_row_as_full_screen_section=&#8221;no&#8221; type=&#8221;full_width&#8221; angled_section=&#8221;no&#8221; text_align=&#8221;left&#8221; background_image_as_pattern=&#8221;without_pattern&#8221; padding_top=&#8221;30&#8243; padding_bottom=&#8221;30&#8243; css=&#8221;.vc_custom_1517340217687{background-color: #f0f2f4 !important;}&#8221;][vc_column][vc_column_text]<\/p>\n<h2 style=\"text-align: center;\">NEWS<\/h2>\n<p>[\/vc_column_text][\/vc_column][\/vc_row][vc_row css_animation=&#8221;&#8221; row_type=&#8221;row&#8221; use_row_as_full_screen_section=&#8221;no&#8221; type=&#8221;grid&#8221; angled_section=&#8221;no&#8221; text_align=&#8221;left&#8221; background_image_as_pattern=&#8221;without_pattern&#8221; padding_top=&#8221;40&#8243;][vc_column]<div class='q_masonry_blog'><div class=\"q_masonry_blog_grid_sizer\"><\/div><div class=\"q_masonry_blog_grid_gutter\"><\/div><article  class='post-1634 post type-post status-publish format-standard has-post-thumbnail hentry category-news '><div class=\"q_masonry_blog_post_image\"><a itemprop=\"url\" href=\"https:\/\/cargolink.es\/en\/el-seguro-de-transporte-de-mercancias-por-carretera\/\" target=\"_self\"><img decoding=\"async\" itemprop=\"image\" src=\"https:\/\/cargolink.es\/wp-content\/uploads\/2018\/01\/seguro-mercancias-transporte-carretera.jpg\" \/><\/a><\/div><div class=\"q_masonry_blog_post_text\"><h3 itemprop=\"name\" class=\"q_masonry_blog_title entry_title\"><a itemprop=\"url\" href=\"https:\/\/cargolink.es\/en\/el-seguro-de-transporte-de-mercancias-por-carretera\/\">El seguro de transporte de mercanc\u00edas por carretera<\/a><\/h3><p itemprop=\"description\" class=\"q_masonry_blog_excerpt\">Dada la confusi\u00f3n que suele haber respecto a este asunto y la importancia del mismo tanto para los cargadores como los transportistas, vamos a realizar algunas consideraciones generales, que posiblemente ayuden a tomar decisiones adecuadas a todas las partes implicadas en el contrato de transporte......<\/p><div class=\"q_masonry_blog_post_info\"><span itemprop=\"dateCreated\" class=\"time entry_date updated\">30 January, 2018<meta itemprop=\"interactionCount\" content=\"UserComments: <?php echo get_comments_number(qode_get_page_id()); ?>\"\/><\/span><\/div><\/div><\/article><article  class='post-1637 post type-post status-publish format-standard has-post-thumbnail hentry category-news '><div class=\"q_masonry_blog_post_image\"><a itemprop=\"url\" href=\"https:\/\/cargolink.es\/en\/comparativa-de-legislacion-en-espana-del-contrato-de-transporte-nacional-e-internacional\/\" target=\"_self\"><img decoding=\"async\" itemprop=\"image\" src=\"https:\/\/cargolink.es\/wp-content\/uploads\/2018\/01\/noticia-2.png\" \/><\/a><\/div><div class=\"q_masonry_blog_post_text\"><h3 itemprop=\"name\" class=\"q_masonry_blog_title entry_title\"><a itemprop=\"url\" href=\"https:\/\/cargolink.es\/en\/comparativa-de-legislacion-en-espana-del-contrato-de-transporte-nacional-e-internacional\/\">Comparativa de legislaci\u00f3n en Espa\u00f1a del contrato de Transporte Nacional e Internacional<\/a><\/h3><p itemprop=\"description\" class=\"q_masonry_blog_excerpt\">...<\/p><div class=\"q_masonry_blog_post_info\"><span itemprop=\"dateCreated\" class=\"time entry_date updated\">30 January, 2018<meta itemprop=\"interactionCount\" content=\"UserComments: <?php echo get_comments_number(qode_get_page_id()); ?>\"\/><\/span><\/div><\/div><\/article><article  class='post-1642 post type-post status-publish format-standard has-post-thumbnail hentry category-news '><div class=\"q_masonry_blog_post_image\"><a itemprop=\"url\" href=\"https:\/\/cargolink.es\/en\/legislacion-transporte-internacional-convenio-cmr\/\" target=\"_self\"><img decoding=\"async\" itemprop=\"image\" src=\"https:\/\/cargolink.es\/wp-content\/uploads\/2018\/01\/noticia-blog-1.jpg\" \/><\/a><\/div><div class=\"q_masonry_blog_post_text\"><h3 itemprop=\"name\" class=\"q_masonry_blog_title entry_title\"><a itemprop=\"url\" href=\"https:\/\/cargolink.es\/en\/legislacion-transporte-internacional-convenio-cmr\/\">Legislaci\u00f3n Transporte Internacional (Convenio CMR)<\/a><\/h3><p itemprop=\"description\" class=\"q_masonry_blog_excerpt\">CMR: (Convention relative au contract de transport international de marchandises par route), (Contract for the International Carriage of Goods by Road). Al terminar la Segunda Guerra Mundial, el desarrollo econ\u00f3mico en Europa conllev\u00f3 tambi\u00e9n el del transporte por carretera. Pero pronto se constat\u00f3 el grave......<\/p><div class=\"q_masonry_blog_post_info\"><span itemprop=\"dateCreated\" class=\"time entry_date updated\">29 January, 2018<meta itemprop=\"interactionCount\" content=\"UserComments: <?php echo get_comments_number(qode_get_page_id()); ?>\"\/><\/span><\/div><\/div><\/article><\/div>[\/vc_column][\/vc_row]<\/p>\n","protected":false},"excerpt":{"rendered":"<p>[vc_row css_animation=&#8221;&#8221; row_type=&#8221;row&#8221; use_row_as_full_screen_section=&#8221;no&#8221; type=&#8221;full_width&#8221; angled_section=&#8221;no&#8221; text_align=&#8221;left&#8221; background_image_as_pattern=&#8221;without_pattern&#8221; padding_top=&#8221;30&#8243; padding_bottom=&#8221;30&#8243; css=&#8221;.vc_custom_1517340217687{background-color: #f0f2f4 !important;}&#8221;][vc_column][vc_column_text] NEWS [\/vc_column_text][\/vc_column][\/vc_row][vc_row css_animation=&#8221;&#8221; row_type=&#8221;row&#8221; use_row_as_full_screen_section=&#8221;no&#8221; type=&#8221;grid&#8221; angled_section=&#8221;no&#8221; text_align=&#8221;left&#8221; background_image_as_pattern=&#8221;without_pattern&#8221; padding_top=&#8221;40&#8243;][vc_column][\/vc_column][\/vc_row]<\/p>\n","protected":false},"author":1,"featured_media":0,"parent":0,"menu_order":0,"comment_status":"closed","ping_status":"closed","template":"full_width.php","meta":{"footnotes":""},"class_list":["post-1632","page","type-page","status-publish","hentry"],"_links":{"self":[{"href":"https:\/\/cargolink.es\/en\/wp-json\/wp\/v2\/pages\/1632","targetHints":{"allow":["GET"]}}],"collection":[{"href":"https:\/\/cargolink.es\/en\/wp-json\/wp\/v2\/pages"}],"about":[{"href":"https:\/\/cargolink.es\/en\/wp-json\/wp\/v2\/types\/page"}],"author":[{"embeddable":true,"href":"https:\/\/cargolink.es\/en\/wp-json\/wp\/v2\/users\/1"}],"replies":[{"embeddable":true,"href":"https:\/\/cargolink.es\/en\/wp-json\/wp\/v2\/comments?post=1632"}],"version-history":[{"count":1,"href":"https:\/\/cargolink.es\/en\/wp-json\/wp\/v2\/pages\/1632\/revisions"}],"predecessor-version":[{"id":1633,"href":"https:\/\/cargolink.es\/en\/wp-json\/wp\/v2\/pages\/1632\/revisions\/1633"}],"wp:attachment":[{"href":"https:\/\/cargolink.es\/en\/wp-json\/wp\/v2\/media?parent=1632"}],"curies":[{"name":"wp","href":"https:\/\/api.w.org\/{rel}","templated":true}]}}